{"id":75,"date":"2020-01-27T08:29:32","date_gmt":"2020-01-27T08:29:32","guid":{"rendered":"https:\/\/demosites.io\/web-agency-gb\/?page_id=75"},"modified":"2023-11-29T08:25:32","modified_gmt":"2023-11-29T08:25:32","slug":"15c42-web-agency-gb-contact-us","status":"publish","type":"page","link":"https:\/\/www.htpatent.sk\/en\/15c42-web-agency-gb-contact-us\/","title":{"rendered":"Contact"},"content":{"rendered":"\n<div class=\"wp-block-cover alignfull\" style=\"min-height:500px;aspect-ratio:unset;\"><span aria-hidden=\"true\" class=\"wp-block-cover__background has-nv-light-bg-background-color has-background-dim\"><\/span><div class=\"wp-block-cover__inner-container is-layout-flow wp-block-cover-is-layout-flow\">\n<div style=\"height:100px\" aria-hidden=\"true\" class=\"wp-block-spacer\"><\/div>\n\n\n\n<div class=\"wp-block-columns is-not-stacked-on-mobile is-layout-flex wp-container-core-columns-is-layout-9d6595d7 wp-block-columns-is-layout-flex\">\n<div class=\"wp-block-column is-vertically-aligned-top ticss-4ce656f1 has-nv-dark-bg-color has-text-color is-layout-flow wp-block-column-is-layout-flow\" style=\"flex-basis:550px\">\n<h2 class=\"wp-block-heading has-neve-text-color-color has-text-color\">Nap\u00ed\u0161te n\u00e1m alebo<br>zavolajte<\/h2>\n\n\n\n<div id=\"wp-block-themeisle-blocks-icon-list-b6aa1463\" class=\"wp-block-themeisle-blocks-icon-list\">\n<div id=\"wp-block-themeisle-blocks-icon-list-item-62821bd3\" class=\"wp-block-themeisle-blocks-icon-list-item\"><i class=\"fas fa-envelope wp-block-themeisle-blocks-icon-list-item-icon-custom\"><\/i><p class=\"wp-block-themeisle-blocks-icon-list-item-content\">office@htpatent.sk<\/p><\/div>\n\n\n\n<div id=\"wp-block-themeisle-blocks-icon-list-item-62afb8ea\" class=\"wp-block-themeisle-blocks-icon-list-item\"><i class=\"fas fa-phone wp-block-themeisle-blocks-icon-list-item-icon-custom\"><\/i><p class=\"wp-block-themeisle-blocks-icon-list-item-content\">+421 2 436 386 62<\/p><\/div>\n<\/div>\n\n\n\n<div style=\"height:50px\" aria-hidden=\"true\" class=\"wp-block-spacer\"><\/div>\n\n\n\n<hr class=\"wp-block-separator has-alpha-channel-opacity is-style-dots\"\/>\n<\/div>\n\n\n\n<div class=\"wp-block-column is-vertically-aligned-center ticss-f6fc7494 is-layout-flow wp-block-column-is-layout-flow\" style=\"flex-basis:200px\">\n<lottie-player trigger=\"none\" id=\"wp-block-themeisle-blocks-lottie-3d6e5222\" src=\"https:\/\/www.htpatent.sk\/wp-content\/uploads\/2023\/07\/93530-bouncing-arrow.json\" width=\"100%\" class=\"wp-block-themeisle-blocks-lottie aligncenter\" autoplay loop count=\"0\" speed=\"1\" direction=\"1\" data-loop=\"true\" mode=\"normal\"><\/lottie-player>\n<\/div>\n<\/div>\n\n\n\n<div class=\"wp-block-columns is-layout-flex wp-container-core-columns-is-layout-9d6595d7 wp-block-columns-is-layout-flex\">\n<div class=\"wp-block-column is-vertically-aligned-top ticss-4ce656f1 has-nv-dark-bg-color has-text-color is-layout-flow wp-block-column-is-layout-flow\">\n<h2 class=\"wp-block-heading has-neve-text-color-color has-text-color\">Tu n\u00e1s n\u00e1jdete<\/h2>\n\n\n\n<div id=\"wp-block-themeisle-blocks-icon-list-f5f0b399\" class=\"wp-block-themeisle-blocks-icon-list\">\n<div id=\"wp-block-themeisle-blocks-icon-list-item-95c50342\" class=\"wp-block-themeisle-blocks-icon-list-item\"><i class=\"fas fa-map-marker-alt wp-block-themeisle-blocks-icon-list-item-icon-custom\"><\/i><p class=\"wp-block-themeisle-blocks-icon-list-item-content\">Na Rev\u00edne 29, 831 01 Bratislava<\/p><\/div>\n<\/div>\n<\/div>\n\n\n\n<div class=\"wp-block-column ticss-f6fc7494 is-layout-flow wp-block-column-is-layout-flow\" style=\"flex-basis:550px\"><\/div>\n<\/div>\n\n\n\n<div class=\"wp-block-columns is-layout-flex wp-container-core-columns-is-layout-9d6595d7 wp-block-columns-is-layout-flex\">\n<div class=\"wp-block-column ticss-f6fc7494 is-layout-flow wp-block-column-is-layout-flow\" style=\"flex-basis:1400px\"><div style=\"height:400pxpx;\" class=\"wp-block-themeisle-blocks-leaflet-map\" id=\"wp-block-themeisle-blocks-leaflet-map-dc7db24f\"><\/div>\n<script type=\"text\/javascript\">\n\t\/* <![CDATA[ *\/\n\t\tif ( ! window.themeisleLeafletMaps ) window.themeisleLeafletMaps =[];\n\t\twindow.themeisleLeafletMaps.push( { container: \"wp-block-themeisle-blocks-leaflet-map-dc7db24f\", attributes: {\"id\":\"wp-block-themeisle-blocks-leaflet-map-dc7db24f\",\"location\":\"Na Rev\\u00edne 29\",\"latitude\":\"48.16901207839802\",\"longitude\":\"17.092409133911136\",\"bbox\":\"17.07985639572144,48.16614266578527,17.104961872100834,48.1718670203866\",\"zoom\":16,\"markers\":[{\"id\":\"fb87ffe9-bc8a-4fad-b296-5ce67c988c4d\",\"latitude\":48.16935699999999798137650941498577594757080078125,\"longitude\":17.0978759999999994079189491458237171173095703125,\"title\":\"H\\u00d6RMANN &#038; PARTNERS s.r.o.\",\"description\":\"<p><img class=\\\"alignnone size-medium wp-image-772\\\" src=\\\"https:\\\/\\\/www.htpatent.sk\\\/wp-content\\\/uploads\\\/2023\\\/07\\\/DSC_1961-Small-200x300.jpg\\\" alt=\\\"\\\" width=\\\"200\\\" height=\\\"300\\\" \\\/><\\\/p>\",\"location\":\"Na Rev\\u00edne 29\"}],\"height\":\"400px\",\"zoomControl\":true,\"draggable\":true,\"hasCustomCSS\":false,\"customCSS\":\"\",\"TrpContentRestriction\":{\"restriction_type\":\"exclude\",\"selected_languages\":[],\"panel_open\":true},\"otterConditions\":[]} } );\n\t\/* ]]> *\/\n<\/script>\n<\/div>\n<\/div>\n\n\n\n<div style=\"height:100px\" aria-hidden=\"true\" class=\"wp-block-spacer\"><\/div>\n<\/div><\/div>\n\n\n\n<div class=\"wp-block-cover alignfull\" style=\"min-height:400px;aspect-ratio:unset;\"><span aria-hidden=\"true\" class=\"wp-block-cover__background has-nv-dark-bg-background-color has-background-dim-100 has-background-dim\"><\/span><div class=\"wp-block-cover__inner-container is-layout-flow wp-block-cover-is-layout-flow\">\n<p><strong>Faktura\u010dn\u00e1 adresa:<\/strong><br>H\u00d6RMANN &amp; PARTNERS s.r.o.<br>Royova 19<br>831 01 Bratislava<br><br>I\u010c DPH: SK2120604310<br>I\u010cO: 51 114\u00a0895<br><br>Spolo\u010dnos\u0165 zap\u00edsan\u00e1 v obchodnom registri Mestsk\u00e9ho s\u00fadu Bratislava III, Oddiel: Sro Vlo\u017eka \u010d. 122951\/B<\/p>\n<\/div><\/div>\n","protected":false},"excerpt":{"rendered":"","protected":false},"author":1,"featured_media":0,"parent":0,"menu_order":0,"comment_status":"closed","ping_status":"closed","template":"","meta":{"neve_meta_sidebar":"default","neve_meta_container":"","neve_meta_enable_content_width":"on","neve_meta_content_width":100,"neve_meta_title_alignment":"","neve_meta_author_avatar":"","neve_post_elements_order":"","neve_meta_disable_header":"","neve_meta_disable_footer":"","neve_meta_disable_title":"on","_themeisle_gutenberg_block_has_review":false,"footnotes":""},"class_list":["post-75","page","type-page","status-publish","hentry"],"_links":{"self":[{"href":"https:\/\/www.htpatent.sk\/en\/wp-json\/wp\/v2\/pages\/75","targetHints":{"allow":["GET"]}}],"collection":[{"href":"https:\/\/www.htpatent.sk\/en\/wp-json\/wp\/v2\/pages"}],"about":[{"href":"https:\/\/www.htpatent.sk\/en\/wp-json\/wp\/v2\/types\/page"}],"author":[{"embeddable":true,"href":"https:\/\/www.htpatent.sk\/en\/wp-json\/wp\/v2\/users\/1"}],"replies":[{"embeddable":true,"href":"https:\/\/www.htpatent.sk\/en\/wp-json\/wp\/v2\/comments?post=75"}],"version-history":[{"count":74,"href":"https:\/\/www.htpatent.sk\/en\/wp-json\/wp\/v2\/pages\/75\/revisions"}],"predecessor-version":[{"id":993,"href":"https:\/\/www.htpatent.sk\/en\/wp-json\/wp\/v2\/pages\/75\/revisions\/993"}],"wp:attachment":[{"href":"https:\/\/www.htpatent.sk\/en\/wp-json\/wp\/v2\/media?parent=75"}],"curies":[{"name":"wp","href":"https:\/\/api.w.org\/{rel}","templated":true}]}}